{"id":1017,"date":"2016-01-11T11:22:52","date_gmt":"2016-01-11T11:22:52","guid":{"rendered":"http:\/\/www.kektoll.com\/?page_id=1017"},"modified":"2016-01-11T11:22:52","modified_gmt":"2016-01-11T11:22:52","slug":"koppanyszanto","status":"publish","type":"page","link":"http:\/\/www.kektoll.com\/?page_id=1017","title":{"rendered":"Kopp\u00e1nysz\u00e1nt\u00f3"},"content":{"rendered":"<!-- index.php -->\n<div\n\tclass=\"ngg-galleryoverview ngg-ajax-pagination-none\"\n\tid=\"ngg-gallery-0732cb08800a39aec3bb7d7fb81f7a52-1\">\n\n    \t<div class=\"slideshowlink\">\n        <a href='http:\/\/www.kektoll.com\/index.php\/nggallery\/slideshow?page_id=1017'>[Show slideshow]<\/a>\n\t\t\n\t<\/div>\n\t\t\t<!-- Thumbnails -->\n\t\t\t\t<div id=\"ngg-image-0\" class=\"ngg-gallery-thumbnail-box\" >\n\t\t\t\t        <div class=\"ngg-gallery-thumbnail\">\n            <a href=\"http:\/\/www.kektoll.com\/wp-content\/gallery\/koppanyszanto\/DSCF1589.JPG\"\n               title=\"\"\n               data-src=\"http:\/\/www.kektoll.com\/wp-content\/gallery\/koppanyszanto\/DSCF1589.JPG\"\n               data-thumbnail=\"http:\/\/www.kektoll.com\/wp-content\/gallery\/koppanyszanto\/thumbs\/thumbs_DSCF1589.JPG\"\n               data-image-id=\"191\"\n               data-title=\"DSCF1589\"\n               data-description=\"\"\n               data-image-slug=\"dscf1589\"\n               class=\"ngg-fancybox\" rel=\"0732cb08800a39aec3bb7d7fb81f7a52\">\n                <img\n                    title=\"DSCF1589\"\n                    alt=\"DSCF1589\"\n                    src=\"http:\/\/www.kektoll.com\/wp-content\/gallery\/koppanyszanto\/thumbs\/thumbs_DSCF1589.JPG\"\n                    width=\"120\"\n                    height=\"90\"\n                    style=\"max-width:100%;\"\n                \/>\n            <\/a>\n        <\/div>\n\t\t\t\t\t\t\t<\/div> \n\t\t\t\n        \n\t\t\t\t<div id=\"ngg-image-1\" class=\"ngg-gallery-thumbnail-box\" >\n\t\t\t\t        <div class=\"ngg-gallery-thumbnail\">\n            <a href=\"http:\/\/www.kektoll.com\/wp-content\/gallery\/koppanyszanto\/DSCF1591.JPG\"\n               title=\"\"\n               data-src=\"http:\/\/www.kektoll.com\/wp-content\/gallery\/koppanyszanto\/DSCF1591.JPG\"\n               data-thumbnail=\"http:\/\/www.kektoll.com\/wp-content\/gallery\/koppanyszanto\/thumbs\/thumbs_DSCF1591.JPG\"\n               data-image-id=\"192\"\n               data-title=\"DSCF1591\"\n               data-description=\"\"\n               data-image-slug=\"dscf1591\"\n               class=\"ngg-fancybox\" rel=\"0732cb08800a39aec3bb7d7fb81f7a52\">\n                <img\n                    title=\"DSCF1591\"\n                    alt=\"DSCF1591\"\n                    src=\"http:\/\/www.kektoll.com\/wp-content\/gallery\/koppanyszanto\/thumbs\/thumbs_DSCF1591.JPG\"\n                    width=\"120\"\n                    height=\"90\"\n                    style=\"max-width:100%;\"\n                \/>\n            <\/a>\n        <\/div>\n\t\t\t\t\t\t\t<\/div> \n\t\t\t\n        \n\t\t\t\t<div id=\"ngg-image-2\" class=\"ngg-gallery-thumbnail-box\" >\n\t\t\t\t        <div class=\"ngg-gallery-thumbnail\">\n            <a href=\"http:\/\/www.kektoll.com\/wp-content\/gallery\/koppanyszanto\/DSCF1592.JPG\"\n               title=\"\"\n               data-src=\"http:\/\/www.kektoll.com\/wp-content\/gallery\/koppanyszanto\/DSCF1592.JPG\"\n               data-thumbnail=\"http:\/\/www.kektoll.com\/wp-content\/gallery\/koppanyszanto\/thumbs\/thumbs_DSCF1592.JPG\"\n               data-image-id=\"193\"\n               data-title=\"DSCF1592\"\n               data-description=\"\"\n               data-image-slug=\"dscf1592\"\n               class=\"ngg-fancybox\" rel=\"0732cb08800a39aec3bb7d7fb81f7a52\">\n                <img\n                    title=\"DSCF1592\"\n                    alt=\"DSCF1592\"\n                    src=\"http:\/\/www.kektoll.com\/wp-content\/gallery\/koppanyszanto\/thumbs\/thumbs_DSCF1592.JPG\"\n                    width=\"120\"\n                    height=\"90\"\n                    style=\"max-width:100%;\"\n                \/>\n            <\/a>\n        <\/div>\n\t\t\t\t\t\t\t<\/div> \n\t\t\t\n        \n\t\t\t\t<div id=\"ngg-image-3\" class=\"ngg-gallery-thumbnail-box\" >\n\t\t\t\t        <div class=\"ngg-gallery-thumbnail\">\n            <a href=\"http:\/\/www.kektoll.com\/wp-content\/gallery\/koppanyszanto\/DSCF1593.JPG\"\n               title=\"\"\n               data-src=\"http:\/\/www.kektoll.com\/wp-content\/gallery\/koppanyszanto\/DSCF1593.JPG\"\n               data-thumbnail=\"http:\/\/www.kektoll.com\/wp-content\/gallery\/koppanyszanto\/thumbs\/thumbs_DSCF1593.JPG\"\n               data-image-id=\"194\"\n               data-title=\"DSCF1593\"\n               data-description=\"\"\n               data-image-slug=\"dscf1593\"\n               class=\"ngg-fancybox\" rel=\"0732cb08800a39aec3bb7d7fb81f7a52\">\n                <img\n                    title=\"DSCF1593\"\n                    alt=\"DSCF1593\"\n                    src=\"http:\/\/www.kektoll.com\/wp-content\/gallery\/koppanyszanto\/thumbs\/thumbs_DSCF1593.JPG\"\n                    width=\"120\"\n                    height=\"90\"\n                    style=\"max-width:100%;\"\n                \/>\n            <\/a>\n        <\/div>\n\t\t\t\t\t\t\t<\/div> \n\t\t\t\n        \n\t\t\t\t<div id=\"ngg-image-4\" class=\"ngg-gallery-thumbnail-box\" >\n\t\t\t\t        <div class=\"ngg-gallery-thumbnail\">\n            <a href=\"http:\/\/www.kektoll.com\/wp-content\/gallery\/koppanyszanto\/DSCF1594.JPG\"\n               title=\"\"\n               data-src=\"http:\/\/www.kektoll.com\/wp-content\/gallery\/koppanyszanto\/DSCF1594.JPG\"\n               data-thumbnail=\"http:\/\/www.kektoll.com\/wp-content\/gallery\/koppanyszanto\/thumbs\/thumbs_DSCF1594.JPG\"\n               data-image-id=\"195\"\n               data-title=\"DSCF1594\"\n               data-description=\"\"\n               data-image-slug=\"dscf1594\"\n               class=\"ngg-fancybox\" rel=\"0732cb08800a39aec3bb7d7fb81f7a52\">\n                <img\n                    title=\"DSCF1594\"\n                    alt=\"DSCF1594\"\n                    src=\"http:\/\/www.kektoll.com\/wp-content\/gallery\/koppanyszanto\/thumbs\/thumbs_DSCF1594.JPG\"\n                    width=\"120\"\n                    height=\"90\"\n                    style=\"max-width:100%;\"\n                \/>\n            <\/a>\n        <\/div>\n\t\t\t\t\t\t\t<\/div> \n\t\t\t\n        \n\t\t\t\t<div id=\"ngg-image-5\" class=\"ngg-gallery-thumbnail-box\" >\n\t\t\t\t        <div class=\"ngg-gallery-thumbnail\">\n            <a href=\"http:\/\/www.kektoll.com\/wp-content\/gallery\/koppanyszanto\/DSCF1596.JPG\"\n               title=\"\"\n               data-src=\"http:\/\/www.kektoll.com\/wp-content\/gallery\/koppanyszanto\/DSCF1596.JPG\"\n               data-thumbnail=\"http:\/\/www.kektoll.com\/wp-content\/gallery\/koppanyszanto\/thumbs\/thumbs_DSCF1596.JPG\"\n               data-image-id=\"196\"\n               data-title=\"DSCF1596\"\n               data-description=\"\"\n               data-image-slug=\"dscf1596\"\n               class=\"ngg-fancybox\" rel=\"0732cb08800a39aec3bb7d7fb81f7a52\">\n                <img\n                    title=\"DSCF1596\"\n                    alt=\"DSCF1596\"\n                    src=\"http:\/\/www.kektoll.com\/wp-content\/gallery\/koppanyszanto\/thumbs\/thumbs_DSCF1596.JPG\"\n                    width=\"120\"\n                    height=\"90\"\n                    style=\"max-width:100%;\"\n                \/>\n            <\/a>\n        <\/div>\n\t\t\t\t\t\t\t<\/div> \n\t\t\t\n        \n\t\t\t\t<div id=\"ngg-image-6\" class=\"ngg-gallery-thumbnail-box\" >\n\t\t\t\t        <div class=\"ngg-gallery-thumbnail\">\n            <a href=\"http:\/\/www.kektoll.com\/wp-content\/gallery\/koppanyszanto\/DSCF1597.JPG\"\n               title=\"\"\n               data-src=\"http:\/\/www.kektoll.com\/wp-content\/gallery\/koppanyszanto\/DSCF1597.JPG\"\n               data-thumbnail=\"http:\/\/www.kektoll.com\/wp-content\/gallery\/koppanyszanto\/thumbs\/thumbs_DSCF1597.JPG\"\n               data-image-id=\"197\"\n               data-title=\"DSCF1597\"\n               data-description=\"\"\n               data-image-slug=\"dscf1597\"\n               class=\"ngg-fancybox\" rel=\"0732cb08800a39aec3bb7d7fb81f7a52\">\n                <img\n                    title=\"DSCF1597\"\n                    alt=\"DSCF1597\"\n                    src=\"http:\/\/www.kektoll.com\/wp-content\/gallery\/koppanyszanto\/thumbs\/thumbs_DSCF1597.JPG\"\n                    width=\"120\"\n                    height=\"90\"\n                    style=\"max-width:100%;\"\n                \/>\n            <\/a>\n        <\/div>\n\t\t\t\t\t\t\t<\/div> \n\t\t\t\n        \n\t\t\t\t<div id=\"ngg-image-7\" class=\"ngg-gallery-thumbnail-box\" >\n\t\t\t\t        <div class=\"ngg-gallery-thumbnail\">\n            <a href=\"http:\/\/www.kektoll.com\/wp-content\/gallery\/koppanyszanto\/DSCF1598.JPG\"\n               title=\"\"\n               data-src=\"http:\/\/www.kektoll.com\/wp-content\/gallery\/koppanyszanto\/DSCF1598.JPG\"\n               data-thumbnail=\"http:\/\/www.kektoll.com\/wp-content\/gallery\/koppanyszanto\/thumbs\/thumbs_DSCF1598.JPG\"\n               data-image-id=\"198\"\n               data-title=\"DSCF1598\"\n               data-description=\"\"\n               data-image-slug=\"dscf1598\"\n               class=\"ngg-fancybox\" rel=\"0732cb08800a39aec3bb7d7fb81f7a52\">\n                <img\n                    title=\"DSCF1598\"\n                    alt=\"DSCF1598\"\n                    src=\"http:\/\/www.kektoll.com\/wp-content\/gallery\/koppanyszanto\/thumbs\/thumbs_DSCF1598.JPG\"\n                    width=\"120\"\n                    height=\"90\"\n                    style=\"max-width:100%;\"\n                \/>\n            <\/a>\n        <\/div>\n\t\t\t\t\t\t\t<\/div> \n\t\t\t\n        \n\t\t\t\t<div id=\"ngg-image-8\" class=\"ngg-gallery-thumbnail-box\" >\n\t\t\t\t        <div class=\"ngg-gallery-thumbnail\">\n            <a href=\"http:\/\/www.kektoll.com\/wp-content\/gallery\/koppanyszanto\/DSCF1599.JPG\"\n               title=\"\"\n               data-src=\"http:\/\/www.kektoll.com\/wp-content\/gallery\/koppanyszanto\/DSCF1599.JPG\"\n               data-thumbnail=\"http:\/\/www.kektoll.com\/wp-content\/gallery\/koppanyszanto\/thumbs\/thumbs_DSCF1599.JPG\"\n               data-image-id=\"199\"\n               data-title=\"DSCF1599\"\n               data-description=\"\"\n               data-image-slug=\"dscf1599\"\n               class=\"ngg-fancybox\" rel=\"0732cb08800a39aec3bb7d7fb81f7a52\">\n                <img\n                    title=\"DSCF1599\"\n                    alt=\"DSCF1599\"\n                    src=\"http:\/\/www.kektoll.com\/wp-content\/gallery\/koppanyszanto\/thumbs\/thumbs_DSCF1599.JPG\"\n                    width=\"120\"\n                    height=\"90\"\n                    style=\"max-width:100%;\"\n                \/>\n            <\/a>\n        <\/div>\n\t\t\t\t\t\t\t<\/div> \n\t\t\t\n        \n\t\t\t\t<div id=\"ngg-image-9\" class=\"ngg-gallery-thumbnail-box\" >\n\t\t\t\t        <div class=\"ngg-gallery-thumbnail\">\n            <a href=\"http:\/\/www.kektoll.com\/wp-content\/gallery\/koppanyszanto\/DSCF1600.JPG\"\n               title=\"\"\n               data-src=\"http:\/\/www.kektoll.com\/wp-content\/gallery\/koppanyszanto\/DSCF1600.JPG\"\n               data-thumbnail=\"http:\/\/www.kektoll.com\/wp-content\/gallery\/koppanyszanto\/thumbs\/thumbs_DSCF1600.JPG\"\n               data-image-id=\"200\"\n               data-title=\"DSCF1600\"\n               data-description=\"\"\n               data-image-slug=\"dscf1600\"\n               class=\"ngg-fancybox\" rel=\"0732cb08800a39aec3bb7d7fb81f7a52\">\n                <img\n                    title=\"DSCF1600\"\n                    alt=\"DSCF1600\"\n                    src=\"http:\/\/www.kektoll.com\/wp-content\/gallery\/koppanyszanto\/thumbs\/thumbs_DSCF1600.JPG\"\n                    width=\"120\"\n                    height=\"90\"\n                    style=\"max-width:100%;\"\n                \/>\n            <\/a>\n        <\/div>\n\t\t\t\t\t\t\t<\/div> \n\t\t\t\n        \n\t\t\t\t<div id=\"ngg-image-10\" class=\"ngg-gallery-thumbnail-box\" >\n\t\t\t\t        <div class=\"ngg-gallery-thumbnail\">\n            <a href=\"http:\/\/www.kektoll.com\/wp-content\/gallery\/koppanyszanto\/DSCF1601.JPG\"\n               title=\"\"\n               data-src=\"http:\/\/www.kektoll.com\/wp-content\/gallery\/koppanyszanto\/DSCF1601.JPG\"\n               data-thumbnail=\"http:\/\/www.kektoll.com\/wp-content\/gallery\/koppanyszanto\/thumbs\/thumbs_DSCF1601.JPG\"\n               data-image-id=\"201\"\n               data-title=\"DSCF1601\"\n               data-description=\"\"\n               data-image-slug=\"dscf1601\"\n               class=\"ngg-fancybox\" rel=\"0732cb08800a39aec3bb7d7fb81f7a52\">\n                <img\n                    title=\"DSCF1601\"\n                    alt=\"DSCF1601\"\n                    src=\"http:\/\/www.kektoll.com\/wp-content\/gallery\/koppanyszanto\/thumbs\/thumbs_DSCF1601.JPG\"\n                    width=\"120\"\n                    height=\"90\"\n                    style=\"max-width:100%;\"\n                \/>\n            <\/a>\n        <\/div>\n\t\t\t\t\t\t\t<\/div> \n\t\t\t\n        \n\t\t\n\t\t<!-- Pagination -->\n\t<div class='ngg-clear'><\/div>\t<\/div>\n\n","protected":false},"excerpt":{"rendered":"<p class=\"more-link-p\"><a class=\"more-link\" href=\"http:\/\/www.kektoll.com\/?page_id=1017\">Read more &rarr;<\/a><\/p>\n","protected":false},"author":2,"featured_media":0,"parent":0,"menu_order":0,"comment_status":"closed","ping_status":"closed","template":"","meta":{"ngg_post_thumbnail":0},"_links":{"self":[{"href":"http:\/\/www.kektoll.com\/index.php?rest_route=\/wp\/v2\/pages\/1017"}],"collection":[{"href":"http:\/\/www.kektoll.com\/index.php?rest_route=\/wp\/v2\/pages"}],"about":[{"href":"http:\/\/www.kektoll.com\/index.php?rest_route=\/wp\/v2\/types\/page"}],"author":[{"embeddable":true,"href":"http:\/\/www.kektoll.com\/index.php?rest_route=\/wp\/v2\/users\/2"}],"replies":[{"embeddable":true,"href":"http:\/\/www.kektoll.com\/index.php?rest_route=%2Fwp%2Fv2%2Fcomments&post=1017"}],"version-history":[{"count":0,"href":"http:\/\/www.kektoll.com\/index.php?rest_route=\/wp\/v2\/pages\/1017\/revisions"}],"wp:attachment":[{"href":"http:\/\/www.kektoll.com\/index.php?rest_route=%2Fwp%2Fv2%2Fmedia&parent=1017"}],"curies":[{"name":"wp","href":"https:\/\/api.w.org\/{rel}","templated":true}]}}