{"id":1328,"date":"2016-02-14T09:23:55","date_gmt":"2016-02-14T09:23:55","guid":{"rendered":"http:\/\/www.kektoll.com\/?page_id=1328"},"modified":"2016-02-14T09:23:55","modified_gmt":"2016-02-14T09:23:55","slug":"torokkoppany","status":"publish","type":"page","link":"http:\/\/www.kektoll.com\/?page_id=1328","title":{"rendered":"T\u00f6r\u00f6kkopp\u00e1ny"},"content":{"rendered":"<!-- index.php -->\n<div\n\tclass=\"ngg-galleryoverview ngg-ajax-pagination-none\"\n\tid=\"ngg-gallery-1ed13bcc22949c82a09bde17c9bdeb9f-1\">\n\n    \t<div class=\"slideshowlink\">\n        <a href='http:\/\/www.kektoll.com\/index.php\/nggallery\/slideshow?page_id=1328'>[Show slideshow]<\/a>\n\t\t\n\t<\/div>\n\t\t\t<!-- Thumbnails -->\n\t\t\t\t<div id=\"ngg-image-0\" class=\"ngg-gallery-thumbnail-box\" >\n\t\t\t\t        <div class=\"ngg-gallery-thumbnail\">\n            <a href=\"http:\/\/www.kektoll.com\/wp-content\/gallery\/torokkoppany\/DSCF1320.JPG\"\n               title=\"\"\n               data-src=\"http:\/\/www.kektoll.com\/wp-content\/gallery\/torokkoppany\/DSCF1320.JPG\"\n               data-thumbnail=\"http:\/\/www.kektoll.com\/wp-content\/gallery\/torokkoppany\/thumbs\/thumbs_DSCF1320.JPG\"\n               data-image-id=\"294\"\n               data-title=\"DSCF1320\"\n               data-description=\"\"\n               data-image-slug=\"dscf1320\"\n               class=\"ngg-fancybox\" rel=\"1ed13bcc22949c82a09bde17c9bdeb9f\">\n                <img\n                    title=\"DSCF1320\"\n                    alt=\"DSCF1320\"\n                    src=\"http:\/\/www.kektoll.com\/wp-content\/gallery\/torokkoppany\/thumbs\/thumbs_DSCF1320.JPG\"\n                    width=\"120\"\n                    height=\"90\"\n                    style=\"max-width:100%;\"\n                \/>\n            <\/a>\n        <\/div>\n\t\t\t\t\t\t\t<\/div> \n\t\t\t\n        \n\t\t\t\t<div id=\"ngg-image-1\" class=\"ngg-gallery-thumbnail-box\" >\n\t\t\t\t        <div class=\"ngg-gallery-thumbnail\">\n            <a href=\"http:\/\/www.kektoll.com\/wp-content\/gallery\/torokkoppany\/DSCF1321.JPG\"\n               title=\"\"\n               data-src=\"http:\/\/www.kektoll.com\/wp-content\/gallery\/torokkoppany\/DSCF1321.JPG\"\n               data-thumbnail=\"http:\/\/www.kektoll.com\/wp-content\/gallery\/torokkoppany\/thumbs\/thumbs_DSCF1321.JPG\"\n               data-image-id=\"295\"\n               data-title=\"DSCF1321\"\n               data-description=\"\"\n               data-image-slug=\"dscf1321\"\n               class=\"ngg-fancybox\" rel=\"1ed13bcc22949c82a09bde17c9bdeb9f\">\n                <img\n                    title=\"DSCF1321\"\n                    alt=\"DSCF1321\"\n                    src=\"http:\/\/www.kektoll.com\/wp-content\/gallery\/torokkoppany\/thumbs\/thumbs_DSCF1321.JPG\"\n                    width=\"120\"\n                    height=\"90\"\n                    style=\"max-width:100%;\"\n                \/>\n            <\/a>\n        <\/div>\n\t\t\t\t\t\t\t<\/div> \n\t\t\t\n        \n\t\t\t\t<div id=\"ngg-image-2\" class=\"ngg-gallery-thumbnail-box\" >\n\t\t\t\t        <div class=\"ngg-gallery-thumbnail\">\n            <a href=\"http:\/\/www.kektoll.com\/wp-content\/gallery\/torokkoppany\/DSCF1322.JPG\"\n               title=\"\"\n               data-src=\"http:\/\/www.kektoll.com\/wp-content\/gallery\/torokkoppany\/DSCF1322.JPG\"\n               data-thumbnail=\"http:\/\/www.kektoll.com\/wp-content\/gallery\/torokkoppany\/thumbs\/thumbs_DSCF1322.JPG\"\n               data-image-id=\"296\"\n               data-title=\"DSCF1322\"\n               data-description=\"\"\n               data-image-slug=\"dscf1322\"\n               class=\"ngg-fancybox\" rel=\"1ed13bcc22949c82a09bde17c9bdeb9f\">\n                <img\n                    title=\"DSCF1322\"\n                    alt=\"DSCF1322\"\n                    src=\"http:\/\/www.kektoll.com\/wp-content\/gallery\/torokkoppany\/thumbs\/thumbs_DSCF1322.JPG\"\n                    width=\"120\"\n                    height=\"90\"\n                    style=\"max-width:100%;\"\n                \/>\n            <\/a>\n        <\/div>\n\t\t\t\t\t\t\t<\/div> \n\t\t\t\n        \n\t\t\t\t<div id=\"ngg-image-3\" class=\"ngg-gallery-thumbnail-box\" >\n\t\t\t\t        <div class=\"ngg-gallery-thumbnail\">\n            <a href=\"http:\/\/www.kektoll.com\/wp-content\/gallery\/torokkoppany\/DSCF1323.JPG\"\n               title=\"\"\n               data-src=\"http:\/\/www.kektoll.com\/wp-content\/gallery\/torokkoppany\/DSCF1323.JPG\"\n               data-thumbnail=\"http:\/\/www.kektoll.com\/wp-content\/gallery\/torokkoppany\/thumbs\/thumbs_DSCF1323.JPG\"\n               data-image-id=\"297\"\n               data-title=\"DSCF1323\"\n               data-description=\"\"\n               data-image-slug=\"dscf1323\"\n               class=\"ngg-fancybox\" rel=\"1ed13bcc22949c82a09bde17c9bdeb9f\">\n                <img\n                    title=\"DSCF1323\"\n                    alt=\"DSCF1323\"\n                    src=\"http:\/\/www.kektoll.com\/wp-content\/gallery\/torokkoppany\/thumbs\/thumbs_DSCF1323.JPG\"\n                    width=\"120\"\n                    height=\"90\"\n                    style=\"max-width:100%;\"\n                \/>\n            <\/a>\n        <\/div>\n\t\t\t\t\t\t\t<\/div> \n\t\t\t\n        \n\t\t\t\t<div id=\"ngg-image-4\" class=\"ngg-gallery-thumbnail-box\" >\n\t\t\t\t        <div class=\"ngg-gallery-thumbnail\">\n            <a href=\"http:\/\/www.kektoll.com\/wp-content\/gallery\/torokkoppany\/DSCF1324.JPG\"\n               title=\"\"\n               data-src=\"http:\/\/www.kektoll.com\/wp-content\/gallery\/torokkoppany\/DSCF1324.JPG\"\n               data-thumbnail=\"http:\/\/www.kektoll.com\/wp-content\/gallery\/torokkoppany\/thumbs\/thumbs_DSCF1324.JPG\"\n               data-image-id=\"298\"\n               data-title=\"DSCF1324\"\n               data-description=\"\"\n               data-image-slug=\"dscf1324\"\n               class=\"ngg-fancybox\" rel=\"1ed13bcc22949c82a09bde17c9bdeb9f\">\n                <img\n                    title=\"DSCF1324\"\n                    alt=\"DSCF1324\"\n                    src=\"http:\/\/www.kektoll.com\/wp-content\/gallery\/torokkoppany\/thumbs\/thumbs_DSCF1324.JPG\"\n                    width=\"120\"\n                    height=\"90\"\n                    style=\"max-width:100%;\"\n                \/>\n            <\/a>\n        <\/div>\n\t\t\t\t\t\t\t<\/div> \n\t\t\t\n        \n\t\t\t\t<div id=\"ngg-image-5\" class=\"ngg-gallery-thumbnail-box\" >\n\t\t\t\t        <div class=\"ngg-gallery-thumbnail\">\n            <a href=\"http:\/\/www.kektoll.com\/wp-content\/gallery\/torokkoppany\/DSCF1325.JPG\"\n               title=\"\"\n               data-src=\"http:\/\/www.kektoll.com\/wp-content\/gallery\/torokkoppany\/DSCF1325.JPG\"\n               data-thumbnail=\"http:\/\/www.kektoll.com\/wp-content\/gallery\/torokkoppany\/thumbs\/thumbs_DSCF1325.JPG\"\n               data-image-id=\"299\"\n               data-title=\"DSCF1325\"\n               data-description=\"\"\n               data-image-slug=\"dscf1325\"\n               class=\"ngg-fancybox\" rel=\"1ed13bcc22949c82a09bde17c9bdeb9f\">\n                <img\n                    title=\"DSCF1325\"\n                    alt=\"DSCF1325\"\n                    src=\"http:\/\/www.kektoll.com\/wp-content\/gallery\/torokkoppany\/thumbs\/thumbs_DSCF1325.JPG\"\n                    width=\"120\"\n                    height=\"90\"\n                    style=\"max-width:100%;\"\n                \/>\n            <\/a>\n        <\/div>\n\t\t\t\t\t\t\t<\/div> \n\t\t\t\n        \n\t\t\n\t\t<!-- Pagination -->\n\t<div class='ngg-clear'><\/div>\t<\/div>\n\n","protected":false},"excerpt":{"rendered":"<p class=\"more-link-p\"><a class=\"more-link\" href=\"http:\/\/www.kektoll.com\/?page_id=1328\">Read more &rarr;<\/a><\/p>\n","protected":false},"author":2,"featured_media":0,"parent":0,"menu_order":0,"comment_status":"closed","ping_status":"closed","template":"","meta":{"ngg_post_thumbnail":0},"_links":{"self":[{"href":"http:\/\/www.kektoll.com\/index.php?rest_route=\/wp\/v2\/pages\/1328"}],"collection":[{"href":"http:\/\/www.kektoll.com\/index.php?rest_route=\/wp\/v2\/pages"}],"about":[{"href":"http:\/\/www.kektoll.com\/index.php?rest_route=\/wp\/v2\/types\/page"}],"author":[{"embeddable":true,"href":"http:\/\/www.kektoll.com\/index.php?rest_route=\/wp\/v2\/users\/2"}],"replies":[{"embeddable":true,"href":"http:\/\/www.kektoll.com\/index.php?rest_route=%2Fwp%2Fv2%2Fcomments&post=1328"}],"version-history":[{"count":0,"href":"http:\/\/www.kektoll.com\/index.php?rest_route=\/wp\/v2\/pages\/1328\/revisions"}],"wp:attachment":[{"href":"http:\/\/www.kektoll.com\/index.php?rest_route=%2Fwp%2Fv2%2Fmedia&parent=1328"}],"curies":[{"name":"wp","href":"https:\/\/api.w.org\/{rel}","templated":true}]}}