{"id":265,"date":"2014-01-25T08:21:02","date_gmt":"2014-01-25T08:21:02","guid":{"rendered":"http:\/\/www.kektoll.com\/?page_id=265"},"modified":"2016-01-08T10:45:35","modified_gmt":"2016-01-08T10:45:35","slug":"felolvasas","status":"publish","type":"page","link":"http:\/\/www.kektoll.com\/?page_id=265","title":{"rendered":"Felolvas\u00e1s"},"content":{"rendered":"<p><strong>Jelenetek valahonnan<\/strong><\/p>\n<!--[if lt IE 9]><script>document.createElement('audio');<\/script><![endif]-->\n<audio class=\"wp-audio-shortcode\" id=\"audio-265-1\" preload=\"none\" style=\"width: 100%;\" controls=\"controls\"><source type=\"audio\/mpeg\" src=\"http:\/\/www.kektoll.com\/wp-content\/uploads\/2016\/01\/Jelenetek-valahonnan.m4a?_=1\" \/><a href=\"http:\/\/www.kektoll.com\/wp-content\/uploads\/2016\/01\/Jelenetek-valahonnan.m4a\">http:\/\/www.kektoll.com\/wp-content\/uploads\/2016\/01\/Jelenetek-valahonnan.m4a<\/a><\/audio>\n<p><strong>\u00c1radat<\/strong><\/p>\n<audio class=\"wp-audio-shortcode\" id=\"audio-265-2\" preload=\"none\" style=\"width: 100%;\" controls=\"controls\"><source type=\"audio\/mpeg\" src=\"http:\/\/www.kektoll.com\/wp-content\/uploads\/2015\/12\/\u00c1radat.m4a?_=2\" \/><a href=\"http:\/\/www.kektoll.com\/wp-content\/uploads\/2015\/12\/\u00c1radat.m4a\">http:\/\/www.kektoll.com\/wp-content\/uploads\/2015\/12\/\u00c1radat.m4a<\/a><\/audio>\n<p><strong>Ablakok<\/strong><\/p>\n<audio class=\"wp-audio-shortcode\" id=\"audio-265-3\" preload=\"none\" style=\"width: 100%;\" controls=\"controls\"><source type=\"audio\/mpeg\" src=\"http:\/\/www.kektoll.com\/wp-content\/uploads\/2016\/01\/ablakok.m4a?_=3\" \/><a href=\"http:\/\/www.kektoll.com\/wp-content\/uploads\/2016\/01\/ablakok.m4a\">http:\/\/www.kektoll.com\/wp-content\/uploads\/2016\/01\/ablakok.m4a<\/a><\/audio>\n<p><strong>Undor<\/strong><\/p>\n<p><audio class=\"wp-audio-shortcode\" id=\"audio-265-4\" preload=\"none\" style=\"width: 100%;\" controls=\"controls\"><source type=\"audio\/mpeg\" src=\"http:\/\/www.kektoll.com\/wp-content\/uploads\/2015\/11\/Undor.m4a?_=4\" \/><a href=\"http:\/\/www.kektoll.com\/wp-content\/uploads\/2015\/11\/Undor.m4a\">http:\/\/www.kektoll.com\/wp-content\/uploads\/2015\/11\/Undor.m4a<\/a><\/audio><br \/>\n<strong>Szavaim<\/strong><\/p>\n<p><audio class=\"wp-audio-shortcode\" id=\"audio-265-5\" preload=\"none\" style=\"width: 100%;\" controls=\"controls\"><source type=\"audio\/mpeg\" src=\"http:\/\/www.kektoll.com\/wp-content\/uploads\/2015\/11\/Szavaim.m4a?_=5\" \/><a href=\"http:\/\/www.kektoll.com\/wp-content\/uploads\/2015\/11\/Szavaim.m4a\">http:\/\/www.kektoll.com\/wp-content\/uploads\/2015\/11\/Szavaim.m4a<\/a><\/audio><br \/>\n<strong>Omega<\/strong><\/p>\n<p><audio class=\"wp-audio-shortcode\" id=\"audio-265-6\" preload=\"none\" style=\"width: 100%;\" controls=\"controls\"><source type=\"audio\/mpeg\" src=\"http:\/\/www.kektoll.com\/wp-content\/uploads\/2015\/11\/omega.m4a?_=6\" \/><a href=\"http:\/\/www.kektoll.com\/wp-content\/uploads\/2015\/11\/omega.m4a\">http:\/\/www.kektoll.com\/wp-content\/uploads\/2015\/11\/omega.m4a<\/a><\/audio><br \/>\n<strong>T\u00e1rlat<\/strong><\/p>\n<p><audio class=\"wp-audio-shortcode\" id=\"audio-265-7\" preload=\"none\" style=\"width: 100%;\" controls=\"controls\"><source type=\"audio\/mpeg\" src=\"http:\/\/www.kektoll.com\/wp-content\/uploads\/2015\/11\/T\u00e1rlat.m4a?_=7\" \/><a href=\"http:\/\/www.kektoll.com\/wp-content\/uploads\/2015\/11\/T\u00e1rlat.m4a\">http:\/\/www.kektoll.com\/wp-content\/uploads\/2015\/11\/T\u00e1rlat.m4a<\/a><\/audio><br \/>\n<strong>Na most \u00edrj<\/strong><\/p>\n<p><audio class=\"wp-audio-shortcode\" id=\"audio-265-8\" preload=\"none\" style=\"width: 100%;\" controls=\"controls\"><source type=\"audio\/mpeg\" src=\"http:\/\/www.kektoll.com\/wp-content\/uploads\/2015\/11\/na-most-\u00edrj.m4a?_=8\" \/><a href=\"http:\/\/www.kektoll.com\/wp-content\/uploads\/2015\/11\/na-most-\u00edrj.m4a\">http:\/\/www.kektoll.com\/wp-content\/uploads\/2015\/11\/na-most-\u00edrj.m4a<\/a><\/audio><br \/>\n<strong>Aki l\u00e1t<\/strong><\/p>\n<audio class=\"wp-audio-shortcode\" id=\"audio-265-9\" preload=\"none\" style=\"width: 100%;\" controls=\"controls\"><source type=\"audio\/mpeg\" src=\"http:\/\/www.kektoll.com\/wp-content\/uploads\/2015\/10\/Aki-l\u00e1t.m4a?_=9\" \/><a href=\"http:\/\/www.kektoll.com\/wp-content\/uploads\/2015\/10\/Aki-l\u00e1t.m4a\">http:\/\/www.kektoll.com\/wp-content\/uploads\/2015\/10\/Aki-l\u00e1t.m4a<\/a><\/audio>\n","protected":false},"excerpt":{"rendered":"<p>Jelenetek valahonnan \u00c1radat Ablakok Undor Szavaim Omega T\u00e1rlat Na most \u00edrj Aki l\u00e1t<\/p>\n<p class=\"more-link-p\"><a class=\"more-link\" href=\"http:\/\/www.kektoll.com\/?page_id=265\">Read more &rarr;<\/a><\/p>\n","protected":false},"author":2,"featured_media":0,"parent":0,"menu_order":0,"comment_status":"closed","ping_status":"closed","template":"","meta":{"ngg_post_thumbnail":0},"_links":{"self":[{"href":"http:\/\/www.kektoll.com\/index.php?rest_route=\/wp\/v2\/pages\/265"}],"collection":[{"href":"http:\/\/www.kektoll.com\/index.php?rest_route=\/wp\/v2\/pages"}],"about":[{"href":"http:\/\/www.kektoll.com\/index.php?rest_route=\/wp\/v2\/types\/page"}],"author":[{"embeddable":true,"href":"http:\/\/www.kektoll.com\/index.php?rest_route=\/wp\/v2\/users\/2"}],"replies":[{"embeddable":true,"href":"http:\/\/www.kektoll.com\/index.php?rest_route=%2Fwp%2Fv2%2Fcomments&post=265"}],"version-history":[{"count":4,"href":"http:\/\/www.kektoll.com\/index.php?rest_route=\/wp\/v2\/pages\/265\/revisions"}],"predecessor-version":[{"id":673,"href":"http:\/\/www.kektoll.com\/index.php?rest_route=\/wp\/v2\/pages\/265\/revisions\/673"}],"wp:attachment":[{"href":"http:\/\/www.kektoll.com\/index.php?rest_route=%2Fwp%2Fv2%2Fmedia&parent=265"}],"curies":[{"name":"wp","href":"https:\/\/api.w.org\/{rel}","templated":true}]}}