{"id":469,"date":"2015-01-24T19:13:12","date_gmt":"2015-01-24T19:13:12","guid":{"rendered":"http:\/\/www.kektoll.com\/?page_id=469"},"modified":"2015-01-24T19:27:12","modified_gmt":"2015-01-24T19:27:12","slug":"feher-negyszogek","status":"publish","type":"page","link":"http:\/\/www.kektoll.com\/?page_id=469","title":{"rendered":"Feh\u00e9r n\u00e9gysz\u00f6gek"},"content":{"rendered":"<div class=\"bold\">\n<p>&nbsp;<\/p>\n<p><span class=\"bold\">E-k\u00f6nyv ISBN<\/span>: 9781476456287<\/p>\n<p>&nbsp;<\/p>\n<p>Prol\u00f3g bennem m\u00e1r j\u00f3 ideje egy gondolat, de ez<img loading=\"lazy\" class=\"product_cover_img alignleft\" title=\"Feh\u00e9r n\u00e9gysz\u00f6gek - Ek\u00f6nyv - Ny\u00e1ri L\u00e1szl\u00f3\" src=\"http:\/\/konyvaruhaz.info\/media\/resize.php?src=http:\/\/admin.konyvaruhaz.info\/media\/products\/244\/feher.jpg&amp;h=512&amp;w=358\" alt=\"Feh\u00e9r n\u00e9gysz\u00f6gek - Ek\u00f6nyv - Ny\u00e1ri L\u00e1szl\u00f3\" width=\"358\" height=\"512\" \/> id\u00e1ig csak az \u00e9rz\u00e9kek hat\u00e1rain bujdokolt, leskel\u0151d\u00f6tt, v\u00e1rt.<br \/>\nMost itt van \u00e9s annyira megfogalmazhatatlan, hogy k\u00e9nytelen leszek majd sok-sok sz\u00fcks\u00e9gtelen \u00e9s l\u00e9ha mondatot \u00f6sszehalmozni, kupacba rakni, hogy a v\u00e9g\u00e9n r\u00e1j\u00f6jjek minden er\u0151fesz\u00edt\u00e9s f\u00f6l\u00f6sleges. Mert ki mern\u00e9 egy\u00e9rtelm\u0171en megmondani, mi hajt el\u0151re benn\u00fcnket? Mit\u0151l \u00e9rezz\u00fck \u00fagy, hogy tenn\u00fcnk kell valamit, amit m\u00e9g m\u00e1s nem tett.<\/p>\n<\/div>\n<div class=\"clearfix\"><\/div>\n<div class=\"regular\">Nincs es\u00e9lyem. \u00cdrjak b\u00e1r ak\u00e1rh\u00e1ny sort, val\u00f3sz\u00edn\u0171leg egy sem lesz, ami csak megk\u00f6zel\u00edten\u00e9 az igazs\u00e1got. \u00c1m m\u00e9gis, a pap\u00edr feh\u00e9r, kietlen n\u00e9gysz\u00f6gei bet\u00f6lt\u00e9sre v\u00e1rnak, mint ahogyan a csend v\u00e1r a szavakra, a n\u0151i \u00f6l a falloszra, amint legt\u00f6bb\u00fcnk lelk\u00e9ben v\u00e1r egy v\u00e1gy es\u00e9lytelen\u00fcl arra, hogy kiel\u00e9g\u00edts\u00e9k. El\u00e9be megy\u00fcnk h\u00e1t, megpr\u00f3b\u00e1lunk valamit tenni. Bemocskoljuk a vil\u00e1got zajjal, tettel, \u00e1rul\u00e1ssal. T\u00f6nkretessz\u00fck, megosztjuk l\u00e9nyeg\u00e9t\u0151l, \u00fagy, mint \u00e9n, aki meglopom a pap\u00edrlapok makul\u00e1tlan feh\u00e9rs\u00e9g\u00e9t, s selejtt\u00e9 teszem \u0151ket, \u00e9s e sz\u00fcntelen rombol\u00e1s k\u00f6zepette \u00edr\u00f3g\u00e9pkopog\u00e1st\u00f3l pusztulnak el hossz\u00fa est\u00e9im, \u00e1lmos hajnalaim, hogy v\u00e9g\u00fcl eljussak a sz\u00f3ig. Pap\u00edrhalmokat becstelen\u00edtek meg, hogy a tiszta, egyenletes \u0171rt, egy kusz\u00e1bbra cser\u00e9ljem.<br \/>\nNos, nincs mire v\u00e1rni. J\u00f6jjenek a szavak, fr\u00f6ccsenjen a ny\u00e1l, a sperma, a v\u00e9r, megannyi f\u00f6l\u00f6sleges jel a feh\u00e9r n\u00e9gysz\u00f6gek sivatag\u00e1ban.\u00a0\u00a0\u00a0 <a href=\"http:\/\/www.kektoll.com\/?page_id=473\" target=\"_blank\">E-k\u00f6nyv megv\u00e1s\u00e1rl\u00e1sa&gt;&gt;<\/a> 1000Ft pdf form\u00e1tum<\/div>\n","protected":false},"excerpt":{"rendered":"<p>&nbsp; E-k\u00f6nyv ISBN: 9781476456287 &nbsp; Prol\u00f3g bennem m\u00e1r j\u00f3 ideje egy gondolat, de ez id\u00e1ig csak az \u00e9rz\u00e9kek hat\u00e1rain bujdokolt, leskel\u0151d\u00f6tt, v\u00e1rt. Most itt van \u00e9s annyira megfogalmazhatatlan, hogy k\u00e9nytelen leszek majd sok-sok sz\u00fcks\u00e9gtelen \u00e9s l\u00e9ha mondatot \u00f6sszehalmozni, kupacba rakni,&hellip;<\/p>\n<p class=\"more-link-p\"><a class=\"more-link\" href=\"http:\/\/www.kektoll.com\/?page_id=469\">Read more &rarr;<\/a><\/p>\n","protected":false},"author":2,"featured_media":0,"parent":0,"menu_order":0,"comment_status":"closed","ping_status":"closed","template":"","meta":{"ngg_post_thumbnail":0},"_links":{"self":[{"href":"http:\/\/www.kektoll.com\/index.php?rest_route=\/wp\/v2\/pages\/469"}],"collection":[{"href":"http:\/\/www.kektoll.com\/index.php?rest_route=\/wp\/v2\/pages"}],"about":[{"href":"http:\/\/www.kektoll.com\/index.php?rest_route=\/wp\/v2\/types\/page"}],"author":[{"embeddable":true,"href":"http:\/\/www.kektoll.com\/index.php?rest_route=\/wp\/v2\/users\/2"}],"replies":[{"embeddable":true,"href":"http:\/\/www.kektoll.com\/index.php?rest_route=%2Fwp%2Fv2%2Fcomments&post=469"}],"version-history":[{"count":5,"href":"http:\/\/www.kektoll.com\/index.php?rest_route=\/wp\/v2\/pages\/469\/revisions"}],"predecessor-version":[{"id":480,"href":"http:\/\/www.kektoll.com\/index.php?rest_route=\/wp\/v2\/pages\/469\/revisions\/480"}],"wp:attachment":[{"href":"http:\/\/www.kektoll.com\/index.php?rest_route=%2Fwp%2Fv2%2Fmedia&parent=469"}],"curies":[{"name":"wp","href":"https:\/\/api.w.org\/{rel}","templated":true}]}}